{"id":7484,"date":"2024-12-13T15:03:40","date_gmt":"2024-12-13T15:03:40","guid":{"rendered":"https:\/\/solfint.com\/?page_id=7484"},"modified":"2024-12-13T16:02:53","modified_gmt":"2024-12-13T16:02:53","slug":"pagina-de-gracias-turismo-medico","status":"publish","type":"page","link":"https:\/\/solfint.com\/en\/pagina-de-gracias-turismo-medico\/","title":{"rendered":"Pagina de gracias turismo medico"},"content":{"rendered":"<div data-elementor-type=\"wp-page\" data-elementor-id=\"7484\" class=\"elementor elementor-7484\" data-elementor-post-type=\"page\">\n\t\t\t\t<div class=\"elementor-element elementor-element-24978c2 e-con-full e-flex e-con e-parent\" data-id=\"24978c2\" data-element_type=\"container\" data-e-type=\"container\" data-settings=\"{&quot;background_background&quot;:&quot;classic&quot;}\">\n\t\t<div class=\"elementor-element elementor-element-262f242 e-con-full e-flex elementor-invisible e-con e-child\" data-id=\"262f242\" data-element_type=\"container\" data-e-type=\"container\" data-settings=\"{&quot;background_background&quot;:&quot;classic&quot;,&quot;animation&quot;:&quot;fadeInLeft&quot;}\">\n\t\t<div class=\"elementor-element elementor-element-53199aa e-con-full e-flex e-con e-child\" data-id=\"53199aa\" data-element_type=\"container\" data-e-type=\"container\">\n\t\t<div class=\"elementor-element elementor-element-f91bdd1 e-con-full e-flex e-con e-child\" data-id=\"f91bdd1\" data-element_type=\"container\" data-e-type=\"container\">\n\t\t\t\t<div class=\"elementor-element elementor-element-c49762d elementor-widget elementor-widget-image\" data-id=\"c49762d\" data-element_type=\"widget\" data-e-type=\"widget\" data-widget_type=\"image.default\">\n\t\t\t\t<div class=\"elementor-widget-container\">\n\t\t\t\t\t\t\t\t\t\t\t\t\t\t\t<img fetchpriority=\"high\" decoding=\"async\" width=\"665\" height=\"268\" src=\"https:\/\/solfint.com\/wp-content\/uploads\/2024\/09\/Mesa-de-trabajo-9-e1727451330984.png\" class=\"attachment-full size-full wp-image-2831\" alt=\"\" srcset=\"https:\/\/solfint.com\/wp-content\/uploads\/2024\/09\/Mesa-de-trabajo-9-e1727451330984.png 665w, https:\/\/solfint.com\/wp-content\/uploads\/2024\/09\/Mesa-de-trabajo-9-e1727451330984-300x121.png 300w\" sizes=\"(max-width: 665px) 100vw, 665px\" \/>\t\t\t\t\t\t\t\t\t\t\t\t\t\t\t<\/div>\n\t\t\t\t<\/div>\n\t\t\t\t<\/div>\n\t\t\t\t<div class=\"elementor-element elementor-element-6b48a8a elementor-widget__width-initial elementor-widget elementor-widget-heading\" data-id=\"6b48a8a\" data-element_type=\"widget\" data-e-type=\"widget\" data-widget_type=\"heading.default\">\n\t\t\t\t<div class=\"elementor-widget-container\">\n\t\t\t\t\t<h2 class=\"elementor-heading-title elementor-size-default\">Your appointment has been successfully scheduled, but WAIT!\nBefore your call, be sure to review this exclusive content that will prepare you to make the most of your session.\n<\/h2>\t\t\t\t<\/div>\n\t\t\t\t<\/div>\n\t\t\t\t<\/div>\n\t\t<div class=\"elementor-element elementor-element-b363103 e-con-full e-flex e-con e-child\" data-id=\"b363103\" data-element_type=\"container\" data-e-type=\"container\">\n\t\t<div class=\"elementor-element elementor-element-65c2a4f e-con-full e-flex e-con e-child\" data-id=\"65c2a4f\" data-element_type=\"container\" data-e-type=\"container\">\n\t\t\t\t<div class=\"elementor-element elementor-element-21d02d7 elementor-widget elementor-widget-video\" data-id=\"21d02d7\" data-element_type=\"widget\" data-e-type=\"widget\" data-settings=\"{&quot;youtube_url&quot;:&quot;https:\\\/\\\/www.youtube.com\\\/watch?v=XHOmBV4js_E&quot;,&quot;video_type&quot;:&quot;youtube&quot;,&quot;controls&quot;:&quot;yes&quot;}\" data-widget_type=\"video.default\">\n\t\t\t\t<div class=\"elementor-widget-container\">\n\t\t\t\t\t\t\t<div class=\"elementor-wrapper elementor-open-inline\">\n\t\t\t<div class=\"elementor-video\"><\/div>\t\t<\/div>\n\t\t\t\t\t\t<\/div>\n\t\t\t\t<\/div>\n\t\t\t\t<div class=\"elementor-element elementor-element-62a2d77 elementor-align-center elementor-widget elementor-widget-button\" data-id=\"62a2d77\" data-element_type=\"widget\" data-e-type=\"widget\" data-widget_type=\"button.default\">\n\t\t\t\t<div class=\"elementor-widget-container\">\n\t\t\t\t\t\t\t\t\t<div class=\"elementor-button-wrapper\">\n\t\t\t\t\t<a class=\"elementor-button elementor-button-link elementor-size-sm\" href=\"https:\/\/solfint.com\/en\/turismo-medico-internacional\/\" target=\"_blank\">\n\t\t\t\t\t\t<span class=\"elementor-button-content-wrapper\">\n\t\t\t\t\t\t\t\t\t<span class=\"elementor-button-text\">Volver <\/span>\n\t\t\t\t\t<\/span>\n\t\t\t\t\t<\/a>\n\t\t\t\t<\/div>\n\t\t\t\t\t\t\t\t<\/div>\n\t\t\t\t<\/div>\n\t\t\t\t<\/div>\n\t\t\t\t<\/div>\n\t\t\t\t<\/div>\n\t\t\t\t<\/div>\n\t\t\t\t<\/div>","protected":false},"excerpt":{"rendered":"<p>\u00a1Tu cita ha sido agendada con \u00e9xito, pero ESPERA! Antes de tu llamada, aseg\u00farate de revisar este contenido exclusivo que te preparar\u00e1 para aprovechar al m\u00e1ximo tu sesi\u00f3n. Volver<\/p>","protected":false},"author":3,"featured_media":0,"parent":0,"menu_order":0,"comment_status":"closed","ping_status":"closed","template":"elementor_canvas","meta":{"footnotes":""},"class_list":["post-7484","page","type-page","status-publish","hentry"],"yoast_head":"<!-- This site is optimized with the Yoast SEO plugin v27.3 - https:\/\/yoast.com\/product\/yoast-seo-wordpress\/ -->\n<title>Pagina de Gracias Turismo Medico<\/title>\n<meta name=\"description\" content=\"Turismo M\u00e9dico Internacional con Solfint Seguros e Inversiones: Agencia de seguros en Cali es una empresa que se dedica a realizar asesor\u00edas\" \/>\n<meta name=\"robots\" content=\"index, follow, max-snippet:-1, max-image-preview:large, max-video-preview:-1\" \/>\n<link rel=\"canonical\" href=\"https:\/\/solfint.com\/en\/pagina-de-gracias-turismo-medico\/\" \/>\n<meta property=\"og:locale\" content=\"en_US\" \/>\n<meta property=\"og:type\" content=\"article\" \/>\n<meta property=\"og:title\" content=\"Pagina de Gracias Turismo Medico\" \/>\n<meta property=\"og:description\" content=\"Turismo M\u00e9dico Internacional con Solfint Seguros e Inversiones: Agencia de seguros en Cali es una empresa que se dedica a realizar asesor\u00edas\" \/>\n<meta property=\"og:url\" content=\"https:\/\/solfint.com\/en\/pagina-de-gracias-turismo-medico\/\" \/>\n<meta property=\"og:site_name\" content=\"Solfint Seguros e Inversiones: Agencia de seguros\" \/>\n<meta property=\"article:modified_time\" content=\"2024-12-13T16:02:53+00:00\" \/>\n<meta property=\"og:image\" content=\"https:\/\/solfint.com\/wp-content\/uploads\/2024\/09\/Mesa-de-trabajo-9-e1727451330984.png\" \/>\n<meta name=\"twitter:card\" content=\"summary_large_image\" \/>\n<meta name=\"twitter:label1\" content=\"Est. reading time\" \/>\n\t<meta name=\"twitter:data1\" content=\"1 minute\" \/>\n<script type=\"application\/ld+json\" class=\"yoast-schema-graph\">{\"@context\":\"https:\\\/\\\/schema.org\",\"@graph\":[{\"@type\":\"WebPage\",\"@id\":\"https:\\\/\\\/solfint.com\\\/pagina-de-gracias-turismo-medico\\\/\",\"url\":\"https:\\\/\\\/solfint.com\\\/pagina-de-gracias-turismo-medico\\\/\",\"name\":\"Pagina de Gracias Turismo Medico\",\"isPartOf\":{\"@id\":\"https:\\\/\\\/solfint.com\\\/#website\"},\"primaryImageOfPage\":{\"@id\":\"https:\\\/\\\/solfint.com\\\/pagina-de-gracias-turismo-medico\\\/#primaryimage\"},\"image\":{\"@id\":\"https:\\\/\\\/solfint.com\\\/pagina-de-gracias-turismo-medico\\\/#primaryimage\"},\"thumbnailUrl\":\"https:\\\/\\\/solfint.com\\\/wp-content\\\/uploads\\\/2024\\\/09\\\/Mesa-de-trabajo-9-e1727451330984.png\",\"datePublished\":\"2024-12-13T15:03:40+00:00\",\"dateModified\":\"2024-12-13T16:02:53+00:00\",\"description\":\"Turismo M\u00e9dico Internacional con Solfint Seguros e Inversiones: Agencia de seguros en Cali es una empresa que se dedica a realizar asesor\u00edas\",\"breadcrumb\":{\"@id\":\"https:\\\/\\\/solfint.com\\\/pagina-de-gracias-turismo-medico\\\/#breadcrumb\"},\"inLanguage\":\"en-US\",\"potentialAction\":[{\"@type\":\"ReadAction\",\"target\":[\"https:\\\/\\\/solfint.com\\\/pagina-de-gracias-turismo-medico\\\/\"]}]},{\"@type\":\"ImageObject\",\"inLanguage\":\"en-US\",\"@id\":\"https:\\\/\\\/solfint.com\\\/pagina-de-gracias-turismo-medico\\\/#primaryimage\",\"url\":\"https:\\\/\\\/solfint.com\\\/wp-content\\\/uploads\\\/2024\\\/09\\\/Mesa-de-trabajo-9-e1727451330984.png\",\"contentUrl\":\"https:\\\/\\\/solfint.com\\\/wp-content\\\/uploads\\\/2024\\\/09\\\/Mesa-de-trabajo-9-e1727451330984.png\"},{\"@type\":\"BreadcrumbList\",\"@id\":\"https:\\\/\\\/solfint.com\\\/pagina-de-gracias-turismo-medico\\\/#breadcrumb\",\"itemListElement\":[{\"@type\":\"ListItem\",\"position\":1,\"name\":\"Portada\",\"item\":\"https:\\\/\\\/solfint.com\\\/\"},{\"@type\":\"ListItem\",\"position\":2,\"name\":\"Pagina de gracias turismo medico\"}]},{\"@type\":\"WebSite\",\"@id\":\"https:\\\/\\\/solfint.com\\\/#website\",\"url\":\"https:\\\/\\\/solfint.com\\\/\",\"name\":\"Solfint Seguros e Inversiones Agencia de seguros\",\"description\":\"Solfint Seguros e Inversiones: Agencia de seguros\",\"publisher\":{\"@id\":\"https:\\\/\\\/solfint.com\\\/#organization\"},\"potentialAction\":[{\"@type\":\"SearchAction\",\"target\":{\"@type\":\"EntryPoint\",\"urlTemplate\":\"https:\\\/\\\/solfint.com\\\/?s={search_term_string}\"},\"query-input\":{\"@type\":\"PropertyValueSpecification\",\"valueRequired\":true,\"valueName\":\"search_term_string\"}}],\"inLanguage\":\"en-US\"},{\"@type\":\"Organization\",\"@id\":\"https:\\\/\\\/solfint.com\\\/#organization\",\"name\":\"Solfint Seguros e Inversiones Agencia de seguros\",\"url\":\"https:\\\/\\\/solfint.com\\\/\",\"logo\":{\"@type\":\"ImageObject\",\"inLanguage\":\"en-US\",\"@id\":\"https:\\\/\\\/solfint.com\\\/#\\\/schema\\\/logo\\\/image\\\/\",\"url\":\"https:\\\/\\\/solfint.com\\\/wp-content\\\/uploads\\\/2024\\\/10\\\/Diseno-sin-titulo-2024-10-09T162531.476.png\",\"contentUrl\":\"https:\\\/\\\/solfint.com\\\/wp-content\\\/uploads\\\/2024\\\/10\\\/Diseno-sin-titulo-2024-10-09T162531.476.png\",\"width\":212,\"height\":212,\"caption\":\"Solfint Seguros e Inversiones Agencia de seguros\"},\"image\":{\"@id\":\"https:\\\/\\\/solfint.com\\\/#\\\/schema\\\/logo\\\/image\\\/\"}}]}<\/script>\n<!-- \/ Yoast SEO plugin. -->","yoast_head_json":{"title":"Pagina de Gracias Turismo Medico","description":"Turismo M\u00e9dico Internacional con Solfint Seguros e Inversiones: Agencia de seguros en Cali es una empresa que se dedica a realizar asesor\u00edas","robots":{"index":"index","follow":"follow","max-snippet":"max-snippet:-1","max-image-preview":"max-image-preview:large","max-video-preview":"max-video-preview:-1"},"canonical":"https:\/\/solfint.com\/en\/pagina-de-gracias-turismo-medico\/","og_locale":"en_US","og_type":"article","og_title":"Pagina de Gracias Turismo Medico","og_description":"Turismo M\u00e9dico Internacional con Solfint Seguros e Inversiones: Agencia de seguros en Cali es una empresa que se dedica a realizar asesor\u00edas","og_url":"https:\/\/solfint.com\/en\/pagina-de-gracias-turismo-medico\/","og_site_name":"Solfint Seguros e Inversiones: Agencia de seguros","article_modified_time":"2024-12-13T16:02:53+00:00","og_image":[{"url":"https:\/\/solfint.com\/wp-content\/uploads\/2024\/09\/Mesa-de-trabajo-9-e1727451330984.png","type":"","width":"","height":""}],"twitter_card":"summary_large_image","twitter_misc":{"Est. reading time":"1 minute"},"schema":{"@context":"https:\/\/schema.org","@graph":[{"@type":"WebPage","@id":"https:\/\/solfint.com\/pagina-de-gracias-turismo-medico\/","url":"https:\/\/solfint.com\/pagina-de-gracias-turismo-medico\/","name":"Pagina de Gracias Turismo Medico","isPartOf":{"@id":"https:\/\/solfint.com\/#website"},"primaryImageOfPage":{"@id":"https:\/\/solfint.com\/pagina-de-gracias-turismo-medico\/#primaryimage"},"image":{"@id":"https:\/\/solfint.com\/pagina-de-gracias-turismo-medico\/#primaryimage"},"thumbnailUrl":"https:\/\/solfint.com\/wp-content\/uploads\/2024\/09\/Mesa-de-trabajo-9-e1727451330984.png","datePublished":"2024-12-13T15:03:40+00:00","dateModified":"2024-12-13T16:02:53+00:00","description":"Turismo M\u00e9dico Internacional con Solfint Seguros e Inversiones: Agencia de seguros en Cali es una empresa que se dedica a realizar asesor\u00edas","breadcrumb":{"@id":"https:\/\/solfint.com\/pagina-de-gracias-turismo-medico\/#breadcrumb"},"inLanguage":"en-US","potentialAction":[{"@type":"ReadAction","target":["https:\/\/solfint.com\/pagina-de-gracias-turismo-medico\/"]}]},{"@type":"ImageObject","inLanguage":"en-US","@id":"https:\/\/solfint.com\/pagina-de-gracias-turismo-medico\/#primaryimage","url":"https:\/\/solfint.com\/wp-content\/uploads\/2024\/09\/Mesa-de-trabajo-9-e1727451330984.png","contentUrl":"https:\/\/solfint.com\/wp-content\/uploads\/2024\/09\/Mesa-de-trabajo-9-e1727451330984.png"},{"@type":"BreadcrumbList","@id":"https:\/\/solfint.com\/pagina-de-gracias-turismo-medico\/#breadcrumb","itemListElement":[{"@type":"ListItem","position":1,"name":"Portada","item":"https:\/\/solfint.com\/"},{"@type":"ListItem","position":2,"name":"Pagina de gracias turismo medico"}]},{"@type":"WebSite","@id":"https:\/\/solfint.com\/#website","url":"https:\/\/solfint.com\/","name":"Solfint Seguros e Inversiones Agencia de seguros","description":"Solfint Seguros e Inversiones: Agencia de seguros","publisher":{"@id":"https:\/\/solfint.com\/#organization"},"potentialAction":[{"@type":"SearchAction","target":{"@type":"EntryPoint","urlTemplate":"https:\/\/solfint.com\/?s={search_term_string}"},"query-input":{"@type":"PropertyValueSpecification","valueRequired":true,"valueName":"search_term_string"}}],"inLanguage":"en-US"},{"@type":"Organization","@id":"https:\/\/solfint.com\/#organization","name":"Solfint Seguros e Inversiones Agencia de seguros","url":"https:\/\/solfint.com\/","logo":{"@type":"ImageObject","inLanguage":"en-US","@id":"https:\/\/solfint.com\/#\/schema\/logo\/image\/","url":"https:\/\/solfint.com\/wp-content\/uploads\/2024\/10\/Diseno-sin-titulo-2024-10-09T162531.476.png","contentUrl":"https:\/\/solfint.com\/wp-content\/uploads\/2024\/10\/Diseno-sin-titulo-2024-10-09T162531.476.png","width":212,"height":212,"caption":"Solfint Seguros e Inversiones Agencia de seguros"},"image":{"@id":"https:\/\/solfint.com\/#\/schema\/logo\/image\/"}}]}},"_links":{"self":[{"href":"https:\/\/solfint.com\/en\/wp-json\/wp\/v2\/pages\/7484","targetHints":{"allow":["GET"]}}],"collection":[{"href":"https:\/\/solfint.com\/en\/wp-json\/wp\/v2\/pages"}],"about":[{"href":"https:\/\/solfint.com\/en\/wp-json\/wp\/v2\/types\/page"}],"author":[{"embeddable":true,"href":"https:\/\/solfint.com\/en\/wp-json\/wp\/v2\/users\/3"}],"replies":[{"embeddable":true,"href":"https:\/\/solfint.com\/en\/wp-json\/wp\/v2\/comments?post=7484"}],"version-history":[{"count":37,"href":"https:\/\/solfint.com\/en\/wp-json\/wp\/v2\/pages\/7484\/revisions"}],"predecessor-version":[{"id":7522,"href":"https:\/\/solfint.com\/en\/wp-json\/wp\/v2\/pages\/7484\/revisions\/7522"}],"wp:attachment":[{"href":"https:\/\/solfint.com\/en\/wp-json\/wp\/v2\/media?parent=7484"}],"curies":[{"name":"wp","href":"https:\/\/api.w.org\/{rel}","templated":true}]}}