{"id":665,"date":"2022-03-09T16:31:49","date_gmt":"2022-03-09T16:31:49","guid":{"rendered":"https:\/\/solfint.com\/?page_id=665"},"modified":"2024-10-18T23:15:30","modified_gmt":"2024-10-18T23:15:30","slug":"pago-en-linea","status":"publish","type":"page","link":"https:\/\/solfint.com\/en\/pago-en-linea\/","title":{"rendered":"Online payment"},"content":{"rendered":"<div data-elementor-type=\"wp-page\" data-elementor-id=\"665\" class=\"elementor elementor-665\" data-elementor-post-type=\"page\">\n\t\t\t\t\t\t<section class=\"elementor-section elementor-top-section elementor-element elementor-element-9ea2c8e elementor-section-full_width elementor-section-height-default elementor-section-height-default\" data-id=\"9ea2c8e\" data-element_type=\"section\" data-e-type=\"section\" data-settings=\"{&quot;background_background&quot;:&quot;gradient&quot;}\">\n\t\t\t\t\t\t<div class=\"elementor-container elementor-column-gap-default\">\n\t\t\t\t\t<div class=\"elementor-column elementor-col-100 elementor-top-column elementor-element elementor-element-2dff13a\" data-id=\"2dff13a\" data-element_type=\"column\" data-e-type=\"column\" data-settings=\"{&quot;background_background&quot;:&quot;classic&quot;}\">\n\t\t\t<div class=\"elementor-widget-wrap elementor-element-populated\">\n\t\t\t\t\t<div class=\"elementor-background-overlay\"><\/div>\n\t\t\t\t\t\t<div class=\"elementor-element elementor-element-74cc1f8 elementor-widget elementor-widget-heading\" data-id=\"74cc1f8\" data-element_type=\"widget\" data-e-type=\"widget\" data-widget_type=\"heading.default\">\n\t\t\t\t<div class=\"elementor-widget-container\">\n\t\t\t\t\t<h1 class=\"elementor-heading-title elementor-size-default\">Online payment<\/h1>\t\t\t\t<\/div>\n\t\t\t\t<\/div>\n\t\t\t\t\t<\/div>\n\t\t<\/div>\n\t\t\t\t\t<\/div>\n\t\t<\/section>\n\t\t\t\t<section class=\"elementor-section elementor-top-section elementor-element elementor-element-8ffe1ef elementor-section-full_width elementor-section-height-default elementor-section-height-default\" data-id=\"8ffe1ef\" data-element_type=\"section\" data-e-type=\"section\" data-settings=\"{&quot;background_background&quot;:&quot;classic&quot;}\">\n\t\t\t\t\t\t\t<div class=\"elementor-background-overlay\"><\/div>\n\t\t\t\t\t\t\t<div class=\"elementor-container elementor-column-gap-no\">\n\t\t\t\t\t<div class=\"elementor-column elementor-col-100 elementor-top-column elementor-element elementor-element-d834631\" data-id=\"d834631\" data-element_type=\"column\" data-e-type=\"column\" data-settings=\"{&quot;background_background&quot;:&quot;classic&quot;}\">\n\t\t\t<div class=\"elementor-widget-wrap elementor-element-populated\">\n\t\t\t\t\t<div class=\"elementor-background-overlay\"><\/div>\n\t\t\t\t\t\t<div class=\"elementor-element elementor-element-c73f500 elementor-widget elementor-widget-text-editor\" data-id=\"c73f500\" data-element_type=\"widget\" data-e-type=\"widget\" data-widget_type=\"text-editor.default\">\n\t\t\t\t<div class=\"elementor-widget-container\">\n\t\t\t\t\t\t\t\t\t<section class=\"elementor-element elementor-element-abb0cc2 elementor-section-boxed elementor-section-height-default elementor-section-height-default elementor-section elementor-top-section\" data-id=\"abb0cc2\" data-element_type=\"section\"><div class=\"elementor-container elementor-column-gap-default\"><div class=\"elementor-row\"><div class=\"elementor-element elementor-element-a07870f elementor-column elementor-col-100 elementor-top-column\" data-id=\"a07870f\" data-element_type=\"column\"><div class=\"elementor-column-wrap  elementor-element-populated\"><div class=\"elementor-widget-wrap\"><div class=\"elementor-element elementor-element-a214fc9 elementor-widget elementor-widget-text-editor\" data-id=\"a214fc9\" data-element_type=\"widget\" data-widget_type=\"text-editor.default\"><div class=\"elementor-widget-container\"><div class=\"elementor-text-editor elementor-clearfix\"><p>Making payments from the comfort of your own home has never been easier, because on this site you can pay online, review your bills and find all your account information with any insurance company.<\/p><\/div><\/div><\/div><\/div><\/div><\/div><\/div><\/div><\/section><section class=\"elementor-element elementor-element-6020346 elementor-section-boxed elementor-section-height-default elementor-section-height-default elementor-section elementor-top-section\" data-id=\"6020346\" data-element_type=\"section\"><div class=\"elementor-container elementor-column-gap-default\"><div class=\"elementor-row\"><div class=\"elementor-element elementor-element-e75d1b1 elementor-column elementor-col-33 elementor-top-column\" data-id=\"e75d1b1\" data-element_type=\"column\"><div class=\"elementor-column-wrap  elementor-element-populated\"><div class=\"elementor-widget-wrap\"><div class=\"elementor-element elementor-element-1dc294e elementor-widget elementor-widget-image\" data-id=\"1dc294e\" data-element_type=\"widget\" data-widget_type=\"image.default\"><div class=\"elementor-widget-container\">\u00a0<\/div><\/div><\/div><\/div><\/div><\/div><\/div><\/section>\t\t\t\t\t\t\t\t<\/div>\n\t\t\t\t<\/div>\n\t\t\t\t<section class=\"elementor-section elementor-inner-section elementor-element elementor-element-237e667 elementor-section-boxed elementor-section-height-default elementor-section-height-default\" data-id=\"237e667\" data-element_type=\"section\" data-e-type=\"section\">\n\t\t\t\t\t\t<div class=\"elementor-container elementor-column-gap-default\">\n\t\t\t\t\t<div class=\"elementor-column elementor-col-33 elementor-inner-column elementor-element elementor-element-6ab30b9\" data-id=\"6ab30b9\" data-element_type=\"column\" data-e-type=\"column\">\n\t\t\t<div class=\"elementor-widget-wrap elementor-element-populated\">\n\t\t\t\t\t\t<div class=\"elementor-element elementor-element-b1d2c13 elementor-widget elementor-widget-image\" data-id=\"b1d2c13\" data-element_type=\"widget\" data-e-type=\"widget\" data-widget_type=\"image.default\">\n\t\t\t\t<div class=\"elementor-widget-container\">\n\t\t\t\t\t\t\t\t\t\t\t\t\t\t\t<img fetchpriority=\"high\" decoding=\"async\" width=\"600\" height=\"315\" src=\"https:\/\/solfint.com\/wp-content\/uploads\/2022\/03\/logo-social.png\" class=\"attachment-large size-large wp-image-1335\" alt=\"\" srcset=\"https:\/\/solfint.com\/wp-content\/uploads\/2022\/03\/logo-social.png 600w, https:\/\/solfint.com\/wp-content\/uploads\/2022\/03\/logo-social-300x158.png 300w\" sizes=\"(max-width: 600px) 100vw, 600px\" \/>\t\t\t\t\t\t\t\t\t\t\t\t\t\t\t<\/div>\n\t\t\t\t<\/div>\n\t\t\t\t<div class=\"elementor-element elementor-element-3b5b801 elementor-align-center elementor-widget elementor-widget-button\" data-id=\"3b5b801\" data-element_type=\"widget\" data-e-type=\"widget\" data-widget_type=\"button.default\">\n\t\t\t\t<div class=\"elementor-widget-container\">\n\t\t\t\t\t\t\t\t\t<div class=\"elementor-button-wrapper\">\n\t\t\t\t\t<a class=\"elementor-button elementor-button-link elementor-size-sm\" href=\"https:\/\/www.axacolpatria.co\/pagosenlinea\/opcionespago\">\n\t\t\t\t\t\t<span class=\"elementor-button-content-wrapper\">\n\t\t\t\t\t\t\t\t\t<span class=\"elementor-button-text\">Pay online<\/span>\n\t\t\t\t\t<\/span>\n\t\t\t\t\t<\/a>\n\t\t\t\t<\/div>\n\t\t\t\t\t\t\t\t<\/div>\n\t\t\t\t<\/div>\n\t\t\t\t\t<\/div>\n\t\t<\/div>\n\t\t\t\t<div class=\"elementor-column elementor-col-33 elementor-inner-column elementor-element elementor-element-5eb317a\" data-id=\"5eb317a\" data-element_type=\"column\" data-e-type=\"column\">\n\t\t\t<div class=\"elementor-widget-wrap elementor-element-populated\">\n\t\t\t\t\t\t<div class=\"elementor-element elementor-element-a2d7eb1 elementor-widget elementor-widget-image\" data-id=\"a2d7eb1\" data-element_type=\"widget\" data-e-type=\"widget\" data-widget_type=\"image.default\">\n\t\t\t\t<div class=\"elementor-widget-container\">\n\t\t\t\t\t\t\t\t\t\t\t\t\t\t\t<img decoding=\"async\" width=\"748\" height=\"368\" src=\"https:\/\/solfint.com\/wp-content\/uploads\/2022\/03\/sura4-sin-fondo.png\" class=\"attachment-large size-large wp-image-674\" alt=\"\" srcset=\"https:\/\/solfint.com\/wp-content\/uploads\/2022\/03\/sura4-sin-fondo.png 748w, https:\/\/solfint.com\/wp-content\/uploads\/2022\/03\/sura4-sin-fondo-300x148.png 300w\" sizes=\"(max-width: 748px) 100vw, 748px\" \/>\t\t\t\t\t\t\t\t\t\t\t\t\t\t\t<\/div>\n\t\t\t\t<\/div>\n\t\t\t\t<div class=\"elementor-element elementor-element-3a1a058 elementor-align-center elementor-widget elementor-widget-button\" data-id=\"3a1a058\" data-element_type=\"widget\" data-e-type=\"widget\" data-widget_type=\"button.default\">\n\t\t\t\t<div class=\"elementor-widget-container\">\n\t\t\t\t\t\t\t\t\t<div class=\"elementor-button-wrapper\">\n\t\t\t\t\t<a class=\"elementor-button elementor-button-link elementor-size-sm\" href=\"https:\/\/www.segurossura.com.co\/paginas\/pago-express.aspx#\/Pagos\">\n\t\t\t\t\t\t<span class=\"elementor-button-content-wrapper\">\n\t\t\t\t\t\t\t\t\t<span class=\"elementor-button-text\">Pay online<\/span>\n\t\t\t\t\t<\/span>\n\t\t\t\t\t<\/a>\n\t\t\t\t<\/div>\n\t\t\t\t\t\t\t\t<\/div>\n\t\t\t\t<\/div>\n\t\t\t\t\t<\/div>\n\t\t<\/div>\n\t\t\t\t<div class=\"elementor-column elementor-col-33 elementor-inner-column elementor-element elementor-element-af3932a\" data-id=\"af3932a\" data-element_type=\"column\" data-e-type=\"column\">\n\t\t\t<div class=\"elementor-widget-wrap elementor-element-populated\">\n\t\t\t\t\t\t<div class=\"elementor-element elementor-element-4324352 elementor-widget elementor-widget-image\" data-id=\"4324352\" data-element_type=\"widget\" data-e-type=\"widget\" data-widget_type=\"image.default\">\n\t\t\t\t<div class=\"elementor-widget-container\">\n\t\t\t\t\t\t\t\t\t\t\t\t\t\t\t<img decoding=\"async\" width=\"255\" height=\"100\" src=\"https:\/\/solfint.com\/wp-content\/uploads\/2022\/03\/logo-finesa.png\" class=\"attachment-large size-large wp-image-1339\" alt=\"\" \/>\t\t\t\t\t\t\t\t\t\t\t\t\t\t\t<\/div>\n\t\t\t\t<\/div>\n\t\t\t\t<div class=\"elementor-element elementor-element-1dba5f2 elementor-align-center elementor-widget elementor-widget-button\" data-id=\"1dba5f2\" data-element_type=\"widget\" data-e-type=\"widget\" data-widget_type=\"button.default\">\n\t\t\t\t<div class=\"elementor-widget-container\">\n\t\t\t\t\t\t\t\t\t<div class=\"elementor-button-wrapper\">\n\t\t\t\t\t<a class=\"elementor-button elementor-button-link elementor-size-sm\" href=\"https:\/\/portalclientes.finesa.com.co\/portal\/pago-rapido\/\">\n\t\t\t\t\t\t<span class=\"elementor-button-content-wrapper\">\n\t\t\t\t\t\t\t\t\t<span class=\"elementor-button-text\">Pay online<\/span>\n\t\t\t\t\t<\/span>\n\t\t\t\t\t<\/a>\n\t\t\t\t<\/div>\n\t\t\t\t\t\t\t\t<\/div>\n\t\t\t\t<\/div>\n\t\t\t\t\t<\/div>\n\t\t<\/div>\n\t\t\t\t\t<\/div>\n\t\t<\/section>\n\t\t\t\t<section class=\"elementor-section elementor-inner-section elementor-element elementor-element-bffb9a7 elementor-section-boxed elementor-section-height-default elementor-section-height-default\" data-id=\"bffb9a7\" data-element_type=\"section\" data-e-type=\"section\">\n\t\t\t\t\t\t<div class=\"elementor-container elementor-column-gap-default\">\n\t\t\t\t\t<div class=\"elementor-column elementor-col-33 elementor-inner-column elementor-element elementor-element-8289b2e\" data-id=\"8289b2e\" data-element_type=\"column\" data-e-type=\"column\">\n\t\t\t<div class=\"elementor-widget-wrap elementor-element-populated\">\n\t\t\t\t\t\t<div class=\"elementor-element elementor-element-c479693 elementor-widget elementor-widget-image\" data-id=\"c479693\" data-element_type=\"widget\" data-e-type=\"widget\" data-widget_type=\"image.default\">\n\t\t\t\t<div class=\"elementor-widget-container\">\n\t\t\t\t\t\t\t\t\t\t\t\t\t\t\t<img loading=\"lazy\" decoding=\"async\" width=\"300\" height=\"145\" src=\"https:\/\/solfint.com\/wp-content\/uploads\/2022\/03\/bmi-sin-fondo.png\" class=\"attachment-large size-large wp-image-677\" alt=\"\" \/>\t\t\t\t\t\t\t\t\t\t\t\t\t\t\t<\/div>\n\t\t\t\t<\/div>\n\t\t\t\t<div class=\"elementor-element elementor-element-a377bbc elementor-align-center elementor-widget elementor-widget-button\" data-id=\"a377bbc\" data-element_type=\"widget\" data-e-type=\"widget\" data-widget_type=\"button.default\">\n\t\t\t\t<div class=\"elementor-widget-container\">\n\t\t\t\t\t\t\t\t\t<div class=\"elementor-button-wrapper\">\n\t\t\t\t\t<a class=\"elementor-button elementor-button-link elementor-size-sm\" href=\"https:\/\/bmicol.com.co\/pague-su-poliza\/\">\n\t\t\t\t\t\t<span class=\"elementor-button-content-wrapper\">\n\t\t\t\t\t\t\t\t\t<span class=\"elementor-button-text\">Pay online<\/span>\n\t\t\t\t\t<\/span>\n\t\t\t\t\t<\/a>\n\t\t\t\t<\/div>\n\t\t\t\t\t\t\t\t<\/div>\n\t\t\t\t<\/div>\n\t\t\t\t\t<\/div>\n\t\t<\/div>\n\t\t\t\t<div class=\"elementor-column elementor-col-33 elementor-inner-column elementor-element elementor-element-489de1d\" data-id=\"489de1d\" data-element_type=\"column\" data-e-type=\"column\">\n\t\t\t<div class=\"elementor-widget-wrap elementor-element-populated\">\n\t\t\t\t\t\t<div class=\"elementor-element elementor-element-1aa0e4a elementor-widget elementor-widget-image\" data-id=\"1aa0e4a\" data-element_type=\"widget\" data-e-type=\"widget\" data-widget_type=\"image.default\">\n\t\t\t\t<div class=\"elementor-widget-container\">\n\t\t\t\t\t\t\t\t\t\t\t\t\t\t\t<img loading=\"lazy\" decoding=\"async\" width=\"760\" height=\"209\" src=\"https:\/\/solfint.com\/wp-content\/uploads\/2022\/03\/logo-pensiones.png\" class=\"attachment-large size-large wp-image-692\" alt=\"\" srcset=\"https:\/\/solfint.com\/wp-content\/uploads\/2022\/03\/logo-pensiones.png 760w, https:\/\/solfint.com\/wp-content\/uploads\/2022\/03\/logo-pensiones-300x83.png 300w\" sizes=\"(max-width: 760px) 100vw, 760px\" \/>\t\t\t\t\t\t\t\t\t\t\t\t\t\t\t<\/div>\n\t\t\t\t<\/div>\n\t\t\t\t<div class=\"elementor-element elementor-element-4869e83 elementor-align-center elementor-widget elementor-widget-button\" data-id=\"4869e83\" data-element_type=\"widget\" data-e-type=\"widget\" data-widget_type=\"button.default\">\n\t\t\t\t<div class=\"elementor-widget-container\">\n\t\t\t\t\t\t\t\t\t<div class=\"elementor-button-wrapper\">\n\t\t\t\t\t<a class=\"elementor-button elementor-button-link elementor-size-sm\" href=\"#\">\n\t\t\t\t\t\t<span class=\"elementor-button-content-wrapper\">\n\t\t\t\t\t\t\t\t\t<span class=\"elementor-button-text\">Pay online<\/span>\n\t\t\t\t\t<\/span>\n\t\t\t\t\t<\/a>\n\t\t\t\t<\/div>\n\t\t\t\t\t\t\t\t<\/div>\n\t\t\t\t<\/div>\n\t\t\t\t\t<\/div>\n\t\t<\/div>\n\t\t\t\t<div class=\"elementor-column elementor-col-33 elementor-inner-column elementor-element elementor-element-f4642f2\" data-id=\"f4642f2\" data-element_type=\"column\" data-e-type=\"column\">\n\t\t\t<div class=\"elementor-widget-wrap elementor-element-populated\">\n\t\t\t\t\t\t<div class=\"elementor-element elementor-element-bc42e1d elementor-widget elementor-widget-image\" data-id=\"bc42e1d\" data-element_type=\"widget\" data-e-type=\"widget\" data-widget_type=\"image.default\">\n\t\t\t\t<div class=\"elementor-widget-container\">\n\t\t\t\t\t\t\t\t\t\t\t\t\t\t\t<img loading=\"lazy\" decoding=\"async\" width=\"250\" height=\"150\" src=\"https:\/\/solfint.com\/wp-content\/uploads\/2022\/03\/seguros-bolivar-4-editable.png\" class=\"attachment-large size-large wp-image-678\" alt=\"\" \/>\t\t\t\t\t\t\t\t\t\t\t\t\t\t\t<\/div>\n\t\t\t\t<\/div>\n\t\t\t\t<div class=\"elementor-element elementor-element-c866150 elementor-align-center elementor-widget elementor-widget-button\" data-id=\"c866150\" data-element_type=\"widget\" data-e-type=\"widget\" data-widget_type=\"button.default\">\n\t\t\t\t<div class=\"elementor-widget-container\">\n\t\t\t\t\t\t\t\t\t<div class=\"elementor-button-wrapper\">\n\t\t\t\t\t<a class=\"elementor-button elementor-button-link elementor-size-sm\" href=\"https:\/\/www.segurosbolivar.com\/RecaudosElectronicos\/faces\/muestrapagos.jspx\/pages\/layout\/consultUser.action\">\n\t\t\t\t\t\t<span class=\"elementor-button-content-wrapper\">\n\t\t\t\t\t\t\t\t\t<span class=\"elementor-button-text\">Pay online<\/span>\n\t\t\t\t\t<\/span>\n\t\t\t\t\t<\/a>\n\t\t\t\t<\/div>\n\t\t\t\t\t\t\t\t<\/div>\n\t\t\t\t<\/div>\n\t\t\t\t\t<\/div>\n\t\t<\/div>\n\t\t\t\t\t<\/div>\n\t\t<\/section>\n\t\t\t\t\t<\/div>\n\t\t<\/div>\n\t\t\t\t\t<\/div>\n\t\t<\/section>\n\t\t\t\t<\/div>","protected":false},"excerpt":{"rendered":"<p>Pago en l\u00ednea Hacer pagos desde la comodidad de tu casa nunca fue tan f\u00e1cil, ya que en este sitio podr\u00e1 pagar en l\u00ednea, revisar sus facturas y encontrar toda la informaci\u00f3n de su cuenta con cualquier aseguradora. \u00a0 Paga en l\u00ednea Paga en l\u00ednea Paga en l\u00ednea Paga en l\u00ednea Paga en l\u00ednea Paga [&hellip;]<\/p>\n","protected":false},"author":3,"featured_media":5309,"parent":0,"menu_order":0,"comment_status":"closed","ping_status":"closed","template":"elementor_header_footer","meta":{"footnotes":""},"class_list":["post-665","page","type-page","status-publish","has-post-thumbnail","hentry"],"yoast_head":"<!-- This site is optimized with the Yoast SEO plugin v27.3 - https:\/\/yoast.com\/product\/yoast-seo-wordpress\/ -->\n<title>Pago en l\u00ednea | Solfint Seguros e Inversiones | Agencia de seguros<\/title>\n<meta name=\"description\" content=\"Solfint Seguros e Inversiones: Agencia de seguros en Cali es una empresa que se dedica a realizar asesor\u00edas en planeaci\u00f3n financiera,\" \/>\n<meta name=\"robots\" content=\"index, follow, max-snippet:-1, max-image-preview:large, max-video-preview:-1\" \/>\n<link rel=\"canonical\" href=\"https:\/\/solfint.com\/en\/pago-en-linea\/\" \/>\n<meta property=\"og:locale\" content=\"en_US\" \/>\n<meta property=\"og:type\" content=\"article\" \/>\n<meta property=\"og:title\" content=\"Pago en l\u00ednea | Solfint Seguros e Inversiones | Agencia de seguros\" \/>\n<meta property=\"og:description\" content=\"Solfint Seguros e Inversiones: Agencia de seguros en Cali es una empresa que se dedica a realizar asesor\u00edas en planeaci\u00f3n financiera,\" \/>\n<meta property=\"og:url\" content=\"https:\/\/solfint.com\/en\/pago-en-linea\/\" \/>\n<meta property=\"og:site_name\" content=\"Solfint Seguros e Inversiones: Agencia de seguros\" \/>\n<meta property=\"article:modified_time\" content=\"2024-10-18T23:15:30+00:00\" \/>\n<meta property=\"og:image\" content=\"https:\/\/solfint.com\/wp-content\/uploads\/2024\/10\/Diseno-sin-titulo-2024-10-09T162531.476.png\" \/>\n\t<meta property=\"og:image:width\" content=\"212\" \/>\n\t<meta property=\"og:image:height\" content=\"212\" \/>\n\t<meta property=\"og:image:type\" content=\"image\/png\" \/>\n<meta name=\"twitter:card\" content=\"summary_large_image\" \/>\n<meta name=\"twitter:label1\" content=\"Est. reading time\" \/>\n\t<meta name=\"twitter:data1\" content=\"2 minutes\" \/>\n<script type=\"application\/ld+json\" class=\"yoast-schema-graph\">{\"@context\":\"https:\\\/\\\/schema.org\",\"@graph\":[{\"@type\":\"WebPage\",\"@id\":\"https:\\\/\\\/solfint.com\\\/pago-en-linea\\\/\",\"url\":\"https:\\\/\\\/solfint.com\\\/pago-en-linea\\\/\",\"name\":\"Pago en l\u00ednea | Solfint Seguros e Inversiones | Agencia de seguros\",\"isPartOf\":{\"@id\":\"https:\\\/\\\/solfint.com\\\/#website\"},\"primaryImageOfPage\":{\"@id\":\"https:\\\/\\\/solfint.com\\\/pago-en-linea\\\/#primaryimage\"},\"image\":{\"@id\":\"https:\\\/\\\/solfint.com\\\/pago-en-linea\\\/#primaryimage\"},\"thumbnailUrl\":\"https:\\\/\\\/solfint.com\\\/wp-content\\\/uploads\\\/2024\\\/10\\\/Diseno-sin-titulo-2024-10-09T162531.476.png\",\"datePublished\":\"2022-03-09T16:31:49+00:00\",\"dateModified\":\"2024-10-18T23:15:30+00:00\",\"description\":\"Solfint Seguros e Inversiones: Agencia de seguros en Cali es una empresa que se dedica a realizar asesor\u00edas en planeaci\u00f3n financiera,\",\"breadcrumb\":{\"@id\":\"https:\\\/\\\/solfint.com\\\/pago-en-linea\\\/#breadcrumb\"},\"inLanguage\":\"en-US\",\"potentialAction\":[{\"@type\":\"ReadAction\",\"target\":[\"https:\\\/\\\/solfint.com\\\/pago-en-linea\\\/\"]}]},{\"@type\":\"ImageObject\",\"inLanguage\":\"en-US\",\"@id\":\"https:\\\/\\\/solfint.com\\\/pago-en-linea\\\/#primaryimage\",\"url\":\"https:\\\/\\\/solfint.com\\\/wp-content\\\/uploads\\\/2024\\\/10\\\/Diseno-sin-titulo-2024-10-09T162531.476.png\",\"contentUrl\":\"https:\\\/\\\/solfint.com\\\/wp-content\\\/uploads\\\/2024\\\/10\\\/Diseno-sin-titulo-2024-10-09T162531.476.png\",\"width\":212,\"height\":212},{\"@type\":\"BreadcrumbList\",\"@id\":\"https:\\\/\\\/solfint.com\\\/pago-en-linea\\\/#breadcrumb\",\"itemListElement\":[{\"@type\":\"ListItem\",\"position\":1,\"name\":\"Portada\",\"item\":\"https:\\\/\\\/solfint.com\\\/\"},{\"@type\":\"ListItem\",\"position\":2,\"name\":\"Pago en linea\"}]},{\"@type\":\"WebSite\",\"@id\":\"https:\\\/\\\/solfint.com\\\/#website\",\"url\":\"https:\\\/\\\/solfint.com\\\/\",\"name\":\"Solfint Seguros e Inversiones Agencia de seguros\",\"description\":\"Solfint Seguros e Inversiones: Agencia de seguros\",\"publisher\":{\"@id\":\"https:\\\/\\\/solfint.com\\\/#organization\"},\"potentialAction\":[{\"@type\":\"SearchAction\",\"target\":{\"@type\":\"EntryPoint\",\"urlTemplate\":\"https:\\\/\\\/solfint.com\\\/?s={search_term_string}\"},\"query-input\":{\"@type\":\"PropertyValueSpecification\",\"valueRequired\":true,\"valueName\":\"search_term_string\"}}],\"inLanguage\":\"en-US\"},{\"@type\":\"Organization\",\"@id\":\"https:\\\/\\\/solfint.com\\\/#organization\",\"name\":\"Solfint Seguros e Inversiones Agencia de seguros\",\"url\":\"https:\\\/\\\/solfint.com\\\/\",\"logo\":{\"@type\":\"ImageObject\",\"inLanguage\":\"en-US\",\"@id\":\"https:\\\/\\\/solfint.com\\\/#\\\/schema\\\/logo\\\/image\\\/\",\"url\":\"https:\\\/\\\/solfint.com\\\/wp-content\\\/uploads\\\/2024\\\/10\\\/Diseno-sin-titulo-2024-10-09T162531.476.png\",\"contentUrl\":\"https:\\\/\\\/solfint.com\\\/wp-content\\\/uploads\\\/2024\\\/10\\\/Diseno-sin-titulo-2024-10-09T162531.476.png\",\"width\":212,\"height\":212,\"caption\":\"Solfint Seguros e Inversiones Agencia de seguros\"},\"image\":{\"@id\":\"https:\\\/\\\/solfint.com\\\/#\\\/schema\\\/logo\\\/image\\\/\"}}]}<\/script>\n<!-- \/ Yoast SEO plugin. -->","yoast_head_json":{"title":"Pago en l\u00ednea | Solfint Seguros e Inversiones | Agencia de seguros","description":"Solfint Seguros e Inversiones: Agencia de seguros en Cali es una empresa que se dedica a realizar asesor\u00edas en planeaci\u00f3n financiera,","robots":{"index":"index","follow":"follow","max-snippet":"max-snippet:-1","max-image-preview":"max-image-preview:large","max-video-preview":"max-video-preview:-1"},"canonical":"https:\/\/solfint.com\/en\/pago-en-linea\/","og_locale":"en_US","og_type":"article","og_title":"Pago en l\u00ednea | Solfint Seguros e Inversiones | Agencia de seguros","og_description":"Solfint Seguros e Inversiones: Agencia de seguros en Cali es una empresa que se dedica a realizar asesor\u00edas en planeaci\u00f3n financiera,","og_url":"https:\/\/solfint.com\/en\/pago-en-linea\/","og_site_name":"Solfint Seguros e Inversiones: Agencia de seguros","article_modified_time":"2024-10-18T23:15:30+00:00","og_image":[{"width":212,"height":212,"url":"https:\/\/solfint.com\/wp-content\/uploads\/2024\/10\/Diseno-sin-titulo-2024-10-09T162531.476.png","type":"image\/png"}],"twitter_card":"summary_large_image","twitter_misc":{"Est. reading time":"2 minutes"},"schema":{"@context":"https:\/\/schema.org","@graph":[{"@type":"WebPage","@id":"https:\/\/solfint.com\/pago-en-linea\/","url":"https:\/\/solfint.com\/pago-en-linea\/","name":"Pago en l\u00ednea | Solfint Seguros e Inversiones | Agencia de seguros","isPartOf":{"@id":"https:\/\/solfint.com\/#website"},"primaryImageOfPage":{"@id":"https:\/\/solfint.com\/pago-en-linea\/#primaryimage"},"image":{"@id":"https:\/\/solfint.com\/pago-en-linea\/#primaryimage"},"thumbnailUrl":"https:\/\/solfint.com\/wp-content\/uploads\/2024\/10\/Diseno-sin-titulo-2024-10-09T162531.476.png","datePublished":"2022-03-09T16:31:49+00:00","dateModified":"2024-10-18T23:15:30+00:00","description":"Solfint Seguros e Inversiones: Agencia de seguros en Cali es una empresa que se dedica a realizar asesor\u00edas en planeaci\u00f3n financiera,","breadcrumb":{"@id":"https:\/\/solfint.com\/pago-en-linea\/#breadcrumb"},"inLanguage":"en-US","potentialAction":[{"@type":"ReadAction","target":["https:\/\/solfint.com\/pago-en-linea\/"]}]},{"@type":"ImageObject","inLanguage":"en-US","@id":"https:\/\/solfint.com\/pago-en-linea\/#primaryimage","url":"https:\/\/solfint.com\/wp-content\/uploads\/2024\/10\/Diseno-sin-titulo-2024-10-09T162531.476.png","contentUrl":"https:\/\/solfint.com\/wp-content\/uploads\/2024\/10\/Diseno-sin-titulo-2024-10-09T162531.476.png","width":212,"height":212},{"@type":"BreadcrumbList","@id":"https:\/\/solfint.com\/pago-en-linea\/#breadcrumb","itemListElement":[{"@type":"ListItem","position":1,"name":"Portada","item":"https:\/\/solfint.com\/"},{"@type":"ListItem","position":2,"name":"Pago en linea"}]},{"@type":"WebSite","@id":"https:\/\/solfint.com\/#website","url":"https:\/\/solfint.com\/","name":"Solfint Seguros e Inversiones Agencia de seguros","description":"Solfint Seguros e Inversiones: Agencia de seguros","publisher":{"@id":"https:\/\/solfint.com\/#organization"},"potentialAction":[{"@type":"SearchAction","target":{"@type":"EntryPoint","urlTemplate":"https:\/\/solfint.com\/?s={search_term_string}"},"query-input":{"@type":"PropertyValueSpecification","valueRequired":true,"valueName":"search_term_string"}}],"inLanguage":"en-US"},{"@type":"Organization","@id":"https:\/\/solfint.com\/#organization","name":"Solfint Seguros e Inversiones Agencia de seguros","url":"https:\/\/solfint.com\/","logo":{"@type":"ImageObject","inLanguage":"en-US","@id":"https:\/\/solfint.com\/#\/schema\/logo\/image\/","url":"https:\/\/solfint.com\/wp-content\/uploads\/2024\/10\/Diseno-sin-titulo-2024-10-09T162531.476.png","contentUrl":"https:\/\/solfint.com\/wp-content\/uploads\/2024\/10\/Diseno-sin-titulo-2024-10-09T162531.476.png","width":212,"height":212,"caption":"Solfint Seguros e Inversiones Agencia de seguros"},"image":{"@id":"https:\/\/solfint.com\/#\/schema\/logo\/image\/"}}]}},"_links":{"self":[{"href":"https:\/\/solfint.com\/en\/wp-json\/wp\/v2\/pages\/665","targetHints":{"allow":["GET"]}}],"collection":[{"href":"https:\/\/solfint.com\/en\/wp-json\/wp\/v2\/pages"}],"about":[{"href":"https:\/\/solfint.com\/en\/wp-json\/wp\/v2\/types\/page"}],"author":[{"embeddable":true,"href":"https:\/\/solfint.com\/en\/wp-json\/wp\/v2\/users\/3"}],"replies":[{"embeddable":true,"href":"https:\/\/solfint.com\/en\/wp-json\/wp\/v2\/comments?post=665"}],"version-history":[{"count":4,"href":"https:\/\/solfint.com\/en\/wp-json\/wp\/v2\/pages\/665\/revisions"}],"predecessor-version":[{"id":6108,"href":"https:\/\/solfint.com\/en\/wp-json\/wp\/v2\/pages\/665\/revisions\/6108"}],"wp:featuredmedia":[{"embeddable":true,"href":"https:\/\/solfint.com\/en\/wp-json\/wp\/v2\/media\/5309"}],"wp:attachment":[{"href":"https:\/\/solfint.com\/en\/wp-json\/wp\/v2\/media?parent=665"}],"curies":[{"name":"wp","href":"https:\/\/api.w.org\/{rel}","templated":true}]}}